{"id":644,"date":"2019-04-18T11:08:43","date_gmt":"2019-04-18T11:08:43","guid":{"rendered":"https:\/\/envothemes.com\/envo-ecommerce\/product\/import-placeholder-for-48\/"},"modified":"2025-11-04T12:00:46","modified_gmt":"2025-11-04T11:00:46","slug":"hard-top","status":"publish","type":"product","link":"https:\/\/betonowerzezby.pl\/?product=hard-top","title":{"rendered":"Twarz kobiety 120cm"},"content":{"rendered":"\t\t<div data-elementor-type=\"wp-post\" data-elementor-id=\"644\" class=\"elementor elementor-644\">\n\t\t\t\t<div class=\"elementor-element elementor-element-1836fc6 e-flex e-con-boxed e-con e-parent\" data-id=\"1836fc6\" data-element_type=\"container\">\n\t\t\t\t\t<div class=\"e-con-inner\">\n\t\t<div class=\"elementor-element elementor-element-1a8babb e-con-full e-flex e-con e-child\" data-id=\"1a8babb\" data-element_type=\"container\">\n\t\t\t\t<div class=\"elementor-element elementor-element-2ae18b1 elementor-widget elementor-widget-image\" data-id=\"2ae18b1\" data-element_type=\"widget\" data-widget_type=\"image.default\">\n\t\t\t\t\t\t\t\t\t\t\t\t\t\t\t<img fetchpriority=\"high\" decoding=\"async\" width=\"768\" height=\"1024\" src=\"https:\/\/betonowerzezby.pl\/wp-content\/uploads\/2019\/04\/WhatsApp-Image-2025-05-06-at-13.11.40-768x1024.jpeg\" class=\"attachment-large size-large wp-image-717\" alt=\"\" srcset=\"https:\/\/betonowerzezby.pl\/wp-content\/uploads\/2019\/04\/WhatsApp-Image-2025-05-06-at-13.11.40-768x1024.jpeg 768w, https:\/\/betonowerzezby.pl\/wp-content\/uploads\/2019\/04\/WhatsApp-Image-2025-05-06-at-13.11.40-225x300.jpeg 225w, https:\/\/betonowerzezby.pl\/wp-content\/uploads\/2019\/04\/WhatsApp-Image-2025-05-06-at-13.11.40-600x800.jpeg 600w, https:\/\/betonowerzezby.pl\/wp-content\/uploads\/2019\/04\/WhatsApp-Image-2025-05-06-at-13.11.40.jpeg 1027w\" sizes=\"(max-width: 768px) 100vw, 768px\" \/>\t\t\t\t\t\t\t\t\t\t\t\t\t\t\t<\/div>\n\t\t\t\t<\/div>\n\t\t<div class=\"elementor-element elementor-element-7e74bcf e-con-full e-flex e-con e-child\" data-id=\"7e74bcf\" data-element_type=\"container\">\n\t\t<div class=\"elementor-element elementor-element-2ca9a29 e-con-full e-flex e-con e-child\" data-id=\"2ca9a29\" data-element_type=\"container\">\n\t\t\t\t<div class=\"elementor-element elementor-element-8d5bafc elementor-widget elementor-widget-text-editor\" data-id=\"8d5bafc\" data-element_type=\"widget\" data-widget_type=\"text-editor.default\">\n\t\t\t\t\t\t\t\t\t<h3 data-start=\"372\" data-end=\"394\"><strong data-start=\"376\" data-end=\"394\">Opis produktu:<\/strong><\/h3><ul data-start=\"396\" data-end=\"686\"><li data-start=\"396\" data-end=\"472\"><p data-start=\"398\" data-end=\"472\">Rze\u017aba wykonana z wysokiej jako\u015bci, zbrojonego betonu architektonicznego<\/p><\/li><li data-start=\"473\" data-end=\"558\"><p data-start=\"475\" data-end=\"558\">Malowana specjalistycznymi farbami do betonu \u2013 odpornymi na warunki atmosferyczne<\/p><\/li><li data-start=\"559\" data-end=\"626\"><p data-start=\"561\" data-end=\"626\">Nawet po latach nie traci koloru, nie \u0142uszczy si\u0119 i nie blaknie<\/p><\/li><li data-start=\"627\" data-end=\"686\"><p data-start=\"629\" data-end=\"686\">Mo\u017cliwo\u015b\u0107 malowania na indywidualny kolor na zam\u00f3wienie<\/p><\/li><\/ul><hr data-start=\"688\" data-end=\"691\" \/><h3 data-start=\"693\" data-end=\"711\"><strong data-start=\"697\" data-end=\"711\">Parametry:<\/strong><\/h3><ul><li data-start=\"712\" data-end=\"736\"><p data-start=\"714\" data-end=\"736\"><strong data-start=\"714\" data-end=\"727\">Wysoko\u015b\u0107:<\/strong>\u00a0120 cm<\/p><\/li><li data-start=\"737\" data-end=\"760\"><p data-start=\"739\" data-end=\"760\"><strong data-start=\"739\" data-end=\"752\">Podstawa:<\/strong>\u00a080 cm<\/p><\/li><li data-start=\"761\" data-end=\"785\"><p data-start=\"763\" data-end=\"785\"><strong data-start=\"763\" data-end=\"772\">Waga:<\/strong>\u00a0ok. 150 kg<\/p><\/li><li data-start=\"788\" data-end=\"979\"><strong data-start=\"788\" data-end=\"808\">Dost\u0119pne kolory:<\/strong><br data-start=\"808\" data-end=\"811\" \/>&#8211; beton naturalny<br data-start=\"820\" data-end=\"823\" \/>\u2013 z\u0142oty<br data-start=\"820\" data-end=\"823\" \/>\u2013 czarny ze z\u0142otymi akcentami<br data-start=\"854\" data-end=\"857\" \/>\u2013 miedziany<br data-start=\"870\" data-end=\"873\" \/>\u2013 srebrny<br data-start=\"884\" data-end=\"887\" \/>\u2013 bia\u0142y<br data-start=\"915\" data-end=\"918\" \/>\u2013 granit ciemny<br data-start=\"935\" data-end=\"938\" \/>\u2013 granit piaskowy<\/li><\/ul><hr data-start=\"981\" data-end=\"984\" \/><h3 data-start=\"986\" data-end=\"1010\"><strong data-start=\"990\" data-end=\"1010\">Czas realizacji:<\/strong><\/h3><p data-start=\"1011\" data-end=\"1026\">2\u20133 dni robocze<\/p>\t\t\t\t\t\t\t\t<\/div>\n\t\t\t\t<div class=\"elementor-element elementor-element-7fd3b44 elementor-widget elementor-widget-button\" data-id=\"7fd3b44\" data-element_type=\"widget\" data-widget_type=\"button.default\">\n\t\t\t\t\t\t\t\t\t\t<a class=\"elementor-button elementor-button-link elementor-size-sm\" href=\"#\">\n\t\t\t\t\t\t<span class=\"elementor-button-content-wrapper\">\n\t\t\t\t\t\t\t\t\t<span class=\"elementor-button-text\">Kup<\/span>\n\t\t\t\t\t<\/span>\n\t\t\t\t\t<\/a>\n\t\t\t\t\t\t\t\t<\/div>\n\t\t\t\t<\/div>\n\t\t<div class=\"elementor-element elementor-element-8cd22db e-con-full e-flex e-con e-child\" data-id=\"8cd22db\" data-element_type=\"container\">\n\t\t\t\t<\/div>\n\t\t\t\t<\/div>\n\t\t\t\t\t<\/div>\n\t\t\t\t<\/div>\n\t\t\t\t<\/div>\n\t\t","protected":false},"excerpt":{"rendered":"<h3 data-start=\"372\" data-end=\"394\"><strong data-start=\"376\" data-end=\"394\">Opis produktu:<\/strong><\/h3>\n<ul data-start=\"396\" data-end=\"686\">\n<li data-start=\"396\" data-end=\"472\">\n<p data-start=\"398\" data-end=\"472\">Rze\u017aba wykonana z wysokiej jako\u015bci, zbrojonego betonu architektonicznego<\/p>\n<\/li>\n<li data-start=\"473\" data-end=\"558\">\n<p data-start=\"475\" data-end=\"558\">Malowana specjalistycznymi farbami do betonu \u2013 odpornymi na warunki atmosferyczne<\/p>\n<\/li>\n<li data-start=\"559\" data-end=\"626\">\n<p data-start=\"561\" data-end=\"626\">Nawet po latach nie traci koloru, nie \u0142uszczy si\u0119 i nie blaknie<\/p>\n<\/li>\n<li data-start=\"627\" data-end=\"686\">\n<p data-start=\"629\" data-end=\"686\">Mo\u017cliwo\u015b\u0107 malowania na indywidualny kolor na zam\u00f3wienie<\/p>\n<\/li>\n<\/ul>\n","protected":false},"featured_media":717,"comment_status":"open","ping_status":"closed","template":"elementor_header_footer","meta":[],"product_brand":[],"product_cat":[15],"product_tag":[],"class_list":{"0":"post-644","1":"product","2":"type-product","3":"status-publish","4":"has-post-thumbnail","6":"product_cat-bez-kategorii","8":"first","9":"instock","10":"shipping-taxable","11":"purchasable","12":"product-type-variable"},"_links":{"self":[{"href":"https:\/\/betonowerzezby.pl\/index.php?rest_route=\/wp\/v2\/product\/644","targetHints":{"allow":["GET"]}}],"collection":[{"href":"https:\/\/betonowerzezby.pl\/index.php?rest_route=\/wp\/v2\/product"}],"about":[{"href":"https:\/\/betonowerzezby.pl\/index.php?rest_route=\/wp\/v2\/types\/product"}],"replies":[{"embeddable":true,"href":"https:\/\/betonowerzezby.pl\/index.php?rest_route=%2Fwp%2Fv2%2Fcomments&post=644"}],"version-history":[{"count":9,"href":"https:\/\/betonowerzezby.pl\/index.php?rest_route=\/wp\/v2\/product\/644\/revisions"}],"predecessor-version":[{"id":767,"href":"https:\/\/betonowerzezby.pl\/index.php?rest_route=\/wp\/v2\/product\/644\/revisions\/767"}],"wp:featuredmedia":[{"embeddable":true,"href":"https:\/\/betonowerzezby.pl\/index.php?rest_route=\/wp\/v2\/media\/717"}],"wp:attachment":[{"href":"https:\/\/betonowerzezby.pl\/index.php?rest_route=%2Fwp%2Fv2%2Fmedia&parent=644"}],"wp:term":[{"taxonomy":"product_brand","embeddable":true,"href":"https:\/\/betonowerzezby.pl\/index.php?rest_route=%2Fwp%2Fv2%2Fproduct_brand&post=644"},{"taxonomy":"product_cat","embeddable":true,"href":"https:\/\/betonowerzezby.pl\/index.php?rest_route=%2Fwp%2Fv2%2Fproduct_cat&post=644"},{"taxonomy":"product_tag","embeddable":true,"href":"https:\/\/betonowerzezby.pl\/index.php?rest_route=%2Fwp%2Fv2%2Fproduct_tag&post=644"}],"curies":[{"name":"wp","href":"https:\/\/api.w.org\/{rel}","templated":true}]}}